{"id":9,"date":"2023-03-13T13:23:35","date_gmt":"2023-03-13T12:23:35","guid":{"rendered":"https:\/\/blueconsolutions.de\/?page_id=9"},"modified":"2025-07-29T13:54:45","modified_gmt":"2025-07-29T11:54:45","slug":"impressum","status":"publish","type":"page","link":"https:\/\/blueconsolutions.de\/en\/impressum\/","title":{"rendered":"Imprint"},"content":{"rendered":"<p><strong>Angaben gem\u00e4\u00df \u00a7 5 DDG<\/strong><\/p>\n<p>Bluecon UG (haftungsbeschr\u00e4nkt)<br \/>\nHerr Jose Antonio Reyes Gomez<br \/>\nK\u00fchlwetterstra\u00dfe 49<br \/>\n40239 D\u00fcsseldorf<\/p>\n<p>Handelsregister: HRB 104372<br \/>\nRegistergericht: Amtsgericht D\u00fcsseldorf<\/p>\n<p><strong>Vertreten durch:<\/strong><br \/>\nJose Antonio Reyes Gomez<\/p>\n<p><strong>Contact<\/strong><\/p>\n<p>Telefon: +49 (0) 17662405373<br \/>\nE-Mail: reyes@blueconsolutions.de<\/p>\n<p><strong>Umsatzsteuer-ID<br \/>\n<\/strong>Umsatzsteuer-Identifikationsnummer gem\u00e4\u00df \u00a7 27 a Umsatzsteuergesetz:<br \/>\nDE369882783<\/p>\n<p><strong>Bildrechte<br \/>\n<\/strong>pixabay.com<br \/>\npexels.com<br \/>\nflaticon.com<\/p>\n<p><strong>EU-Streitschlichtung<\/strong><\/p>\n<p>Die Europ\u00e4ische Kommission stellt eine Plattform zur Online-Streitbeilegung (OS) bereit: <a href=\"https:\/\/ec.europa.eu\/consumers\/odr\/\" target=\"_blank\" rel=\"noopener noreferrer\">https:\/\/ec.europa.eu\/consumers\/odr\/<\/a>.<br \/>\nUnsere E-Mail-Adresse finden Sie oben im Impressum.<\/p>\n<p><strong>Verbraucher\u00adstreit\u00adbeilegung\/Universal\u00adschlichtungs\u00adstelle<\/strong><\/p>\n<p>Wir sind nicht bereit oder verpflichtet, an Streitbeilegungsverfahren vor einer Verbraucherschlichtungsstelle teilzunehmen.<\/p>","protected":false},"excerpt":{"rendered":"<p>Angaben gem\u00e4\u00df \u00a7 5 DDG Bluecon UG (haftungsbeschr\u00e4nkt) Herr Jose Antonio Reyes Gomez K\u00fchlwetterstra\u00dfe 49 40239 D\u00fcsseldorf Handelsregister: HRB 104372 Registergericht: Amtsgericht D\u00fcsseldorf Vertreten durch: Jose Antonio Reyes Gomez Kontakt Telefon: +49 (0) 17662405373 E-Mail: reyes@blueconsolutions.de Umsatzsteuer-ID Umsatzsteuer-Identifikationsnummer gem\u00e4\u00df \u00a7 27 a Umsatzsteuergesetz: DE369882783 Bildrechte pixabay.com pexels.com flaticon.com EU-Streitschlichtung Die Europ\u00e4ische Kommission stellt eine Plattform &#8230; <a title=\"Imprint\" class=\"read-more\" href=\"https:\/\/blueconsolutions.de\/en\/impressum\/\" aria-label=\"Read more about Impressum\">Read more<\/a><\/p>","protected":false},"author":1,"featured_media":0,"parent":0,"menu_order":0,"comment_status":"closed","ping_status":"closed","template":"","meta":{"footnotes":""},"class_list":["post-9","page","type-page","status-publish"],"_links":{"self":[{"href":"https:\/\/blueconsolutions.de\/en\/wp-json\/wp\/v2\/pages\/9","targetHints":{"allow":["GET"]}}],"collection":[{"href":"https:\/\/blueconsolutions.de\/en\/wp-json\/wp\/v2\/pages"}],"about":[{"href":"https:\/\/blueconsolutions.de\/en\/wp-json\/wp\/v2\/types\/page"}],"author":[{"embeddable":true,"href":"https:\/\/blueconsolutions.de\/en\/wp-json\/wp\/v2\/users\/1"}],"replies":[{"embeddable":true,"href":"https:\/\/blueconsolutions.de\/en\/wp-json\/wp\/v2\/comments?post=9"}],"version-history":[{"count":10,"href":"https:\/\/blueconsolutions.de\/en\/wp-json\/wp\/v2\/pages\/9\/revisions"}],"predecessor-version":[{"id":731,"href":"https:\/\/blueconsolutions.de\/en\/wp-json\/wp\/v2\/pages\/9\/revisions\/731"}],"wp:attachment":[{"href":"https:\/\/blueconsolutions.de\/en\/wp-json\/wp\/v2\/media?parent=9"}],"curies":[{"name":"wp","href":"https:\/\/api.w.org\/{rel}","templated":true}]}}